{"id":2315,"date":"2024-07-07T11:24:51","date_gmt":"2024-07-07T09:24:51","guid":{"rendered":"https:\/\/www.nordicbloomfunds.eu\/?page_id=2315"},"modified":"2025-08-19T17:30:00","modified_gmt":"2025-08-19T15:30:00","slug":"saadan-fungerer-konceptet","status":"publish","type":"page","link":"https:\/\/www.nordicbloomfunds.eu\/en\/saadan-fungerer-konceptet\/","title":{"rendered":"How the concept works"},"content":{"rendered":"<section class=\"bde-section-2315-100 bde-section\">\n              \n  \n  \n\t\n\n  <div class=\"section-background-overlay\"><\/div>\n\n\n<div class=\"section-container\"><div class=\"bde-columns-2315-101 bde-columns\"><div class=\"bde-column-2315-102 bde-column\" data-entrance=\"slideLeft\">\n  \n  \n\t\n\n\n\n<h1 class=\"bde-heading-2315-106 bde-heading\">\nHow the concept works\n<\/h1><div class=\"bde-text-2315-104 bde-text\">\nAs an investor at Nordic Bloom, you become a co-owner of our funds. We handle all the development, sourcing, financing and ongoing administration of the funds. You get a passive investment that can contribute to increased risk diversification in your portfolio.\n<\/div>\n<\/div><\/div><\/div>\n<\/section><section class=\"bde-section-2315-107 bde-section\">\n  \n  \n\t\n\n\n\n<div class=\"section-container\"><div class=\"bde-columns-2315-108 bde-columns\"><div class=\"bde-column-2315-109 bde-column\">\n  \n  \n\t\n\n\n\n<div class=\"bde-div-2315-112 bde-div\">\n  \n  \n\t\n\n\n\n<div class=\"bde-image-2315-114 bde-image\">\n<figure class=\"breakdance-image breakdance-image--2323\">\n\t<div class=\"breakdance-image-container\">\n\t\t<div class=\"breakdance-image-clip\"><img loading=\"lazy\" decoding=\"async\" class=\"breakdance-image-object\" src=\"https:\/\/www.nordicbloomfunds.eu\/wp-content\/uploads\/2024\/07\/step1-icon-2.png\" width=\"500\" height=\"500\" srcset=\"https:\/\/www.nordicbloomfunds.eu\/wp-content\/uploads\/2024\/07\/step1-icon-2.png 500w, https:\/\/www.nordicbloomfunds.eu\/wp-content\/uploads\/2024\/07\/step1-icon-2-300x300.png 300w, https:\/\/www.nordicbloomfunds.eu\/wp-content\/uploads\/2024\/07\/step1-icon-2-150x150.png 150w, https:\/\/www.nordicbloomfunds.eu\/wp-content\/uploads\/2024\/07\/step1-icon-2-12x12.png 12w\" sizes=\"auto, (max-width: 500px) 100vw, 500px\"><\/div>\n\t<\/div><\/figure>\n\n<\/div><div class=\"bde-div-2315-116 bde-div\">\n  \n  \n\t\n\n\n\n<h2 class=\"bde-heading-2315-115 bde-heading\">\nBefore you invest\n<\/h2>\n<\/div><div class=\"bde-rich-text-2315-117 bde-rich-text breakdance-rich-text-styles\">\n<p>You can join one of our information evenings or webinars where we discuss the latest trends in the investment market, present our investment strategy and showcase current fund opportunities.<\/p>\n<p>You can also arrange an individual meeting with one of our investment consultants who will give you an in-depth presentation of our funds, customised to your specific situation.<\/p>\n<p>The sole purpose of the meeting is to give you a good basis for making an informed decision. It's entirely up to you whether you want to proceed from there.<\/p>\n<\/div>\n<\/div>\n<\/div><div class=\"bde-column-2315-124 bde-column\">\n  \n  \n\t\n\n\n\n<div class=\"bde-div-2315-125 bde-div\">\n  \n  \n\t\n\n\n\n<div class=\"bde-image-2315-126 bde-image\">\n<figure class=\"breakdance-image breakdance-image--2322\">\n\t<div class=\"breakdance-image-container\">\n\t\t<div class=\"breakdance-image-clip\"><img loading=\"lazy\" decoding=\"async\" class=\"breakdance-image-object\" src=\"https:\/\/www.nordicbloomfunds.eu\/wp-content\/uploads\/2024\/07\/step2-icon-1.png\" width=\"500\" height=\"500\" srcset=\"https:\/\/www.nordicbloomfunds.eu\/wp-content\/uploads\/2024\/07\/step2-icon-1.png 500w, https:\/\/www.nordicbloomfunds.eu\/wp-content\/uploads\/2024\/07\/step2-icon-1-300x300.png 300w, https:\/\/www.nordicbloomfunds.eu\/wp-content\/uploads\/2024\/07\/step2-icon-1-150x150.png 150w, https:\/\/www.nordicbloomfunds.eu\/wp-content\/uploads\/2024\/07\/step2-icon-1-12x12.png 12w\" sizes=\"auto, (max-width: 500px) 100vw, 500px\"><\/div>\n\t<\/div><\/figure>\n\n<\/div><div class=\"bde-div-2315-127 bde-div\">\n  \n  \n\t\n\n\n\n<h2 class=\"bde-heading-2315-128 bde-heading\">\nWhen you invest\n<\/h2>\n<\/div><div class=\"bde-rich-text-2315-130 bde-rich-text breakdance-rich-text-styles\">\n<p>If you choose to invest in one of our funds, please contact your investment consultant.<\/p>\n<p>The consultant will send you all necessary documents for review and signature. The purchase agreement will be completed digitally and we will also ask for a copy of your passport or driving licence.<\/p>\n<p>You will then receive an official confirmation of your investment. Once Nordic Bloom has completed a capital increase in the fund you have chosen to invest in, your shares will become visible in your bank account.<\/p>\n<\/div>\n<\/div>\n<\/div><div class=\"bde-column-2315-118 bde-column\">\n  \n  \n\t\n\n\n\n<div class=\"bde-div-2315-119 bde-div\">\n  \n  \n\t\n\n\n\n<div class=\"bde-image-2315-120 bde-image\">\n<figure class=\"breakdance-image breakdance-image--2324\">\n\t<div class=\"breakdance-image-container\">\n\t\t<div class=\"breakdance-image-clip\"><img loading=\"lazy\" decoding=\"async\" class=\"breakdance-image-object\" src=\"https:\/\/www.nordicbloomfunds.eu\/wp-content\/uploads\/2024\/07\/step3-icon.png\" width=\"500\" height=\"500\" srcset=\"https:\/\/www.nordicbloomfunds.eu\/wp-content\/uploads\/2024\/07\/step3-icon.png 500w, https:\/\/www.nordicbloomfunds.eu\/wp-content\/uploads\/2024\/07\/step3-icon-300x300.png 300w, https:\/\/www.nordicbloomfunds.eu\/wp-content\/uploads\/2024\/07\/step3-icon-150x150.png 150w, https:\/\/www.nordicbloomfunds.eu\/wp-content\/uploads\/2024\/07\/step3-icon-12x12.png 12w\" sizes=\"auto, (max-width: 500px) 100vw, 500px\"><\/div>\n\t<\/div><\/figure>\n\n<\/div><div class=\"bde-div-2315-121 bde-div\">\n  \n  \n\t\n\n\n\n<h2 class=\"bde-heading-2315-122 bde-heading\">\nAfter you have invested\n<\/h2>\n<\/div><div class=\"bde-rich-text-2315-131 bde-rich-text breakdance-rich-text-styles\">\n<p>Once your share subscription is complete, you will be assigned a dedicated Investment Manager who will be your primary contact for your investment.<\/p>\n<p>You'll get access to your personalised investor page and approximately every three months you'll receive a newsletter with an updated status of your investment.<\/p>\n<p>Annual financial statements are prepared each year and a general meeting is held for all investors. At the general meeting, the dividend for the year is decided (with the exception of the accumulating companies).<\/p>\n<\/div>\n<\/div>\n<\/div><\/div><\/div>\n<\/section><section class=\"bde-section-2315-134 bde-section\">\n  \n  \n\t\n\n\n\n<div class=\"section-container\"><div class=\"bde-image-2315-135 bde-image\">\n<figure class=\"breakdance-image breakdance-image--2327\">\n\t<div class=\"breakdance-image-container\">\n\t\t<div class=\"breakdance-image-clip\"><img loading=\"lazy\" decoding=\"async\" class=\"breakdance-image-object\" src=\"https:\/\/www.nordicbloomfunds.eu\/wp-content\/uploads\/2024\/07\/Untitled-design-5.png\" width=\"1920\" height=\"700\" srcset=\"https:\/\/www.nordicbloomfunds.eu\/wp-content\/uploads\/2024\/07\/Untitled-design-5.png 1920w, https:\/\/www.nordicbloomfunds.eu\/wp-content\/uploads\/2024\/07\/Untitled-design-5-300x109.png 300w, https:\/\/www.nordicbloomfunds.eu\/wp-content\/uploads\/2024\/07\/Untitled-design-5-1024x373.png 1024w, https:\/\/www.nordicbloomfunds.eu\/wp-content\/uploads\/2024\/07\/Untitled-design-5-768x280.png 768w, https:\/\/www.nordicbloomfunds.eu\/wp-content\/uploads\/2024\/07\/Untitled-design-5-1536x560.png 1536w, https:\/\/www.nordicbloomfunds.eu\/wp-content\/uploads\/2024\/07\/Untitled-design-5-18x7.png 18w\" sizes=\"auto, (max-width: 1920px) 100vw, 1920px\"><\/div>\n\t<\/div><\/figure>\n\n<\/div><\/div>\n<\/section><section class=\"bde-section-2315-137 bde-section\">\n  \n  \n\t\n\n\n\n<div class=\"section-container\"><div class=\"bde-div-2315-139 bde-div\">\n  \n  \n\t\n\n\n\n<div class=\"bde-image-2315-138 bde-image\">\n<figure class=\"breakdance-image breakdance-image--2685\">\n\t<div class=\"breakdance-image-container\">\n\t\t<div class=\"breakdance-image-clip\"><img loading=\"lazy\" decoding=\"async\" class=\"breakdance-image-object\" src=\"https:\/\/www.nordicbloomfunds.eu\/wp-content\/uploads\/2025\/07\/nordicbloom-engelsk-flow.png\" width=\"1920\" height=\"700\" srcset=\"https:\/\/www.nordicbloomfunds.eu\/wp-content\/uploads\/2025\/07\/nordicbloom-engelsk-flow.png 1920w, https:\/\/www.nordicbloomfunds.eu\/wp-content\/uploads\/2025\/07\/nordicbloom-engelsk-flow-300x109.png 300w, https:\/\/www.nordicbloomfunds.eu\/wp-content\/uploads\/2025\/07\/nordicbloom-engelsk-flow-1024x373.png 1024w, https:\/\/www.nordicbloomfunds.eu\/wp-content\/uploads\/2025\/07\/nordicbloom-engelsk-flow-768x280.png 768w, https:\/\/www.nordicbloomfunds.eu\/wp-content\/uploads\/2025\/07\/nordicbloom-engelsk-flow-1536x560.png 1536w, https:\/\/www.nordicbloomfunds.eu\/wp-content\/uploads\/2025\/07\/nordicbloom-engelsk-flow-18x7.png 18w\" sizes=\"auto, (max-width: 1920px) 100vw, 1920px\"><\/div>\n\t<\/div><\/figure>\n\n<\/div>\n<\/div><\/div>\n<\/section>","protected":false},"excerpt":{"rendered":"<p>S\u00e5dan fungerer konceptet Som investor hos Nordic Bloom bliver du medejer af vores fonde. Vi h\u00e5ndterer alle opgaverne med udvikling, indk\u00f8b, finansiering og den l\u00f8bende administration af fondene. Du f\u00e5r en passiv investering, der kan bidrage til \u00f8get risikospredning i din portef\u00f8lje. F\u00f8r du investerer Du kan deltage i en af vores informationsaftener eller webinarm\u00f8der, [&hellip;]<\/p>\n","protected":false},"author":5,"featured_media":0,"parent":0,"menu_order":0,"comment_status":"closed","ping_status":"closed","template":"","meta":{"_acf_changed":false,"inline_featured_image":false,"_breakdance_hide_in_design_set":false,"_breakdance_tags":"","footnotes":""},"class_list":["post-2315","page","type-page","status-publish","hentry"],"acf":[],"yoast_head":"<!-- This site is optimized with the Yoast SEO plugin v27.0 - https:\/\/yoast.com\/product\/yoast-seo-wordpress\/ -->\n<title>S\u00e5dan Fungerer Konceptet | Investeringer med Nordic Bloom<\/title>\n<meta name=\"description\" content=\"L\u00e6s om processen fra tilmelding til afslutning af investeringer i alternative fonde og venturekapital med transparens.\" \/>\n<meta name=\"robots\" content=\"index, follow, max-snippet:-1, max-image-preview:large, max-video-preview:-1\" \/>\n<link rel=\"canonical\" href=\"https:\/\/www.nordicbloomfunds.eu\/en\/saadan-fungerer-konceptet\/\" \/>\n<meta property=\"og:locale\" content=\"en_GB\" \/>\n<meta property=\"og:type\" content=\"article\" \/>\n<meta property=\"og:title\" content=\"S\u00e5dan Fungerer Konceptet | Investeringer med Nordic Bloom\" \/>\n<meta property=\"og:description\" content=\"L\u00e6s om processen fra tilmelding til afslutning af investeringer i alternative fonde og venturekapital med transparens.\" \/>\n<meta property=\"og:url\" content=\"https:\/\/www.nordicbloomfunds.eu\/en\/saadan-fungerer-konceptet\/\" \/>\n<meta property=\"og:site_name\" content=\"Nordic Bloom\" \/>\n<meta property=\"article:modified_time\" content=\"2025-08-19T15:30:00+00:00\" \/>\n<meta property=\"og:image\" content=\"https:\/\/www.nordicbloomfunds.eu\/wp-content\/uploads\/2024\/05\/Nordic_Bloom_160424-283.jpg\" \/>\n\t<meta property=\"og:image:width\" content=\"1920\" \/>\n\t<meta property=\"og:image:height\" content=\"1280\" \/>\n\t<meta property=\"og:image:type\" content=\"image\/jpeg\" \/>\n<meta name=\"twitter:card\" content=\"summary_large_image\" \/>\n<meta name=\"twitter:label1\" content=\"Estimated reading time\" \/>\n\t<meta name=\"twitter:data1\" content=\"3 minutes\" \/>\n<script type=\"application\/ld+json\" class=\"yoast-schema-graph\">{\"@context\":\"https:\/\/schema.org\",\"@graph\":[{\"@type\":\"WebPage\",\"@id\":\"https:\/\/www.nordicbloomfunds.eu\/saadan-fungerer-konceptet\/\",\"url\":\"https:\/\/www.nordicbloomfunds.eu\/saadan-fungerer-konceptet\/\",\"name\":\"S\u00e5dan Fungerer Konceptet | Investeringer med Nordic Bloom\",\"isPartOf\":{\"@id\":\"https:\/\/www.nordicbloomfunds.eu\/#website\"},\"datePublished\":\"2024-07-07T09:24:51+00:00\",\"dateModified\":\"2025-08-19T15:30:00+00:00\",\"description\":\"L\u00e6s om processen fra tilmelding til afslutning af investeringer i alternative fonde og venturekapital med transparens.\",\"breadcrumb\":{\"@id\":\"https:\/\/www.nordicbloomfunds.eu\/saadan-fungerer-konceptet\/#breadcrumb\"},\"inLanguage\":\"en-GB\",\"potentialAction\":[{\"@type\":\"ReadAction\",\"target\":[\"https:\/\/www.nordicbloomfunds.eu\/saadan-fungerer-konceptet\/\"]}]},{\"@type\":\"BreadcrumbList\",\"@id\":\"https:\/\/www.nordicbloomfunds.eu\/saadan-fungerer-konceptet\/#breadcrumb\",\"itemListElement\":[{\"@type\":\"ListItem\",\"position\":1,\"name\":\"Home\",\"item\":\"https:\/\/www.nordicbloomfunds.eu\/\"},{\"@type\":\"ListItem\",\"position\":2,\"name\":\"S\u00e5dan fungerer konceptet\"}]},{\"@type\":\"WebSite\",\"@id\":\"https:\/\/www.nordicbloomfunds.eu\/#website\",\"url\":\"https:\/\/www.nordicbloomfunds.eu\/\",\"name\":\"Nordic Bloom\",\"description\":\"\",\"publisher\":{\"@id\":\"https:\/\/www.nordicbloomfunds.eu\/#organization\"},\"potentialAction\":[{\"@type\":\"SearchAction\",\"target\":{\"@type\":\"EntryPoint\",\"urlTemplate\":\"https:\/\/www.nordicbloomfunds.eu\/?s={search_term_string}\"},\"query-input\":{\"@type\":\"PropertyValueSpecification\",\"valueRequired\":true,\"valueName\":\"search_term_string\"}}],\"inLanguage\":\"en-GB\"},{\"@type\":\"Organization\",\"@id\":\"https:\/\/www.nordicbloomfunds.eu\/#organization\",\"name\":\"Nordic Bloom\",\"url\":\"https:\/\/www.nordicbloomfunds.eu\/\",\"logo\":{\"@type\":\"ImageObject\",\"inLanguage\":\"en-GB\",\"@id\":\"https:\/\/www.nordicbloomfunds.eu\/#\/schema\/logo\/image\/\",\"url\":\"https:\/\/www.nordicbloomfunds.eu\/wp-content\/uploads\/2024\/01\/cropped-nordic-bloom-logo.png\",\"contentUrl\":\"https:\/\/www.nordicbloomfunds.eu\/wp-content\/uploads\/2024\/01\/cropped-nordic-bloom-logo.png\",\"width\":512,\"height\":512,\"caption\":\"Nordic Bloom\"},\"image\":{\"@id\":\"https:\/\/www.nordicbloomfunds.eu\/#\/schema\/logo\/image\/\"}}]}<\/script>\n<!-- \/ Yoast SEO plugin. -->","yoast_head_json":{"title":"S\u00e5dan Fungerer Konceptet | Investeringer med Nordic Bloom","description":"L\u00e6s om processen fra tilmelding til afslutning af investeringer i alternative fonde og venturekapital med transparens.","robots":{"index":"index","follow":"follow","max-snippet":"max-snippet:-1","max-image-preview":"max-image-preview:large","max-video-preview":"max-video-preview:-1"},"canonical":"https:\/\/www.nordicbloomfunds.eu\/en\/saadan-fungerer-konceptet\/","og_locale":"en_GB","og_type":"article","og_title":"S\u00e5dan Fungerer Konceptet | Investeringer med Nordic Bloom","og_description":"L\u00e6s om processen fra tilmelding til afslutning af investeringer i alternative fonde og venturekapital med transparens.","og_url":"https:\/\/www.nordicbloomfunds.eu\/en\/saadan-fungerer-konceptet\/","og_site_name":"Nordic Bloom","article_modified_time":"2025-08-19T15:30:00+00:00","og_image":[{"width":1920,"height":1280,"url":"https:\/\/www.nordicbloomfunds.eu\/wp-content\/uploads\/2024\/05\/Nordic_Bloom_160424-283.jpg","type":"image\/jpeg"}],"twitter_card":"summary_large_image","twitter_misc":{"Estimated reading time":"3 minutes"},"schema":{"@context":"https:\/\/schema.org","@graph":[{"@type":"WebPage","@id":"https:\/\/www.nordicbloomfunds.eu\/saadan-fungerer-konceptet\/","url":"https:\/\/www.nordicbloomfunds.eu\/saadan-fungerer-konceptet\/","name":"S\u00e5dan Fungerer Konceptet | Investeringer med Nordic Bloom","isPartOf":{"@id":"https:\/\/www.nordicbloomfunds.eu\/#website"},"datePublished":"2024-07-07T09:24:51+00:00","dateModified":"2025-08-19T15:30:00+00:00","description":"L\u00e6s om processen fra tilmelding til afslutning af investeringer i alternative fonde og venturekapital med transparens.","breadcrumb":{"@id":"https:\/\/www.nordicbloomfunds.eu\/saadan-fungerer-konceptet\/#breadcrumb"},"inLanguage":"en-GB","potentialAction":[{"@type":"ReadAction","target":["https:\/\/www.nordicbloomfunds.eu\/saadan-fungerer-konceptet\/"]}]},{"@type":"BreadcrumbList","@id":"https:\/\/www.nordicbloomfunds.eu\/saadan-fungerer-konceptet\/#breadcrumb","itemListElement":[{"@type":"ListItem","position":1,"name":"Home","item":"https:\/\/www.nordicbloomfunds.eu\/"},{"@type":"ListItem","position":2,"name":"S\u00e5dan fungerer konceptet"}]},{"@type":"WebSite","@id":"https:\/\/www.nordicbloomfunds.eu\/#website","url":"https:\/\/www.nordicbloomfunds.eu\/","name":"Nordic Bloom","description":"","publisher":{"@id":"https:\/\/www.nordicbloomfunds.eu\/#organization"},"potentialAction":[{"@type":"SearchAction","target":{"@type":"EntryPoint","urlTemplate":"https:\/\/www.nordicbloomfunds.eu\/?s={search_term_string}"},"query-input":{"@type":"PropertyValueSpecification","valueRequired":true,"valueName":"search_term_string"}}],"inLanguage":"en-GB"},{"@type":"Organization","@id":"https:\/\/www.nordicbloomfunds.eu\/#organization","name":"Nordic Bloom","url":"https:\/\/www.nordicbloomfunds.eu\/","logo":{"@type":"ImageObject","inLanguage":"en-GB","@id":"https:\/\/www.nordicbloomfunds.eu\/#\/schema\/logo\/image\/","url":"https:\/\/www.nordicbloomfunds.eu\/wp-content\/uploads\/2024\/01\/cropped-nordic-bloom-logo.png","contentUrl":"https:\/\/www.nordicbloomfunds.eu\/wp-content\/uploads\/2024\/01\/cropped-nordic-bloom-logo.png","width":512,"height":512,"caption":"Nordic Bloom"},"image":{"@id":"https:\/\/www.nordicbloomfunds.eu\/#\/schema\/logo\/image\/"}}]}},"_links":{"self":[{"href":"https:\/\/www.nordicbloomfunds.eu\/en\/wp-json\/wp\/v2\/pages\/2315","targetHints":{"allow":["GET"]}}],"collection":[{"href":"https:\/\/www.nordicbloomfunds.eu\/en\/wp-json\/wp\/v2\/pages"}],"about":[{"href":"https:\/\/www.nordicbloomfunds.eu\/en\/wp-json\/wp\/v2\/types\/page"}],"author":[{"embeddable":true,"href":"https:\/\/www.nordicbloomfunds.eu\/en\/wp-json\/wp\/v2\/users\/5"}],"replies":[{"embeddable":true,"href":"https:\/\/www.nordicbloomfunds.eu\/en\/wp-json\/wp\/v2\/comments?post=2315"}],"version-history":[{"count":18,"href":"https:\/\/www.nordicbloomfunds.eu\/en\/wp-json\/wp\/v2\/pages\/2315\/revisions"}],"predecessor-version":[{"id":2687,"href":"https:\/\/www.nordicbloomfunds.eu\/en\/wp-json\/wp\/v2\/pages\/2315\/revisions\/2687"}],"wp:attachment":[{"href":"https:\/\/www.nordicbloomfunds.eu\/en\/wp-json\/wp\/v2\/media?parent=2315"}],"curies":[{"name":"wp","href":"https:\/\/api.w.org\/{rel}","templated":true}]}}